{"id":124,"date":"2025-05-22T13:38:57","date_gmt":"2025-05-22T13:38:57","guid":{"rendered":"https:\/\/www.ina.pt\/alumni\/?page_id=124"},"modified":"2026-03-04T16:22:24","modified_gmt":"2026-03-04T16:22:24","slug":"multimedia","status":"publish","type":"page","link":"https:\/\/www.ina.pt\/alumni\/multimedia\/","title":{"rendered":"Multimedia"},"content":{"rendered":"\n<p>O separador Multim\u00e9dia da Rede INA Alumni oferece um espa\u00e7o sonoro e visualmente apelativo, onde os conte\u00fados audiovisuais ganham vida e complementam a experi\u00eancia de aprendizagem, partilha e de inspira\u00e7\u00e3o desta Rede.<\/p>\n\n\n\n<p>Aqui, pode encontrar v\u00eddeos, podcasts, entrevistas e coberturas de eventos que refletem a diversidade de experi\u00eancias e percursos dos membros da Rede. Estes recursos permitem acesso, de forma envolvente e acess\u00edvel, ao conhecimento pr\u00e1tico, hist\u00f3rias de sucesso e boas pr\u00e1ticas da Administra\u00e7\u00e3o P\u00fablica.<\/p>\n\n\n\n<p>Um ponto de encontro din\u00e2mico, que inspira, informa e refor\u00e7a os la\u00e7os com o compromisso de uma cultura de colabora\u00e7\u00e3o, valoriza\u00e7\u00e3o humana e inova\u00e7\u00e3o ao servi\u00e7o do bem p\u00fablico.<\/p>\n\n\n\n<p>Explore e deixe-se envolver pelos conte\u00fados que d\u00e3o voz e rosto \u00e0 nossa Rede INA Alumni.<\/p>\n\n\n\n<div class=\"wp-block-columns is-layout-flex wp-container-core-columns-is-layout-28f84493 wp-block-columns-is-layout-flex\">\n<div class=\"wp-block-column is-layout-flow wp-block-column-is-layout-flow\">\n<figure class=\"wp-block-embed is-type-video is-provider-youtube wp-block-embed-youtube wp-embed-aspect-16-9 wp-has-aspect-ratio\"><div class=\"wp-block-embed__wrapper\">\n<iframe loading=\"lazy\" title=\"European Science Funding: \u20ac500 million for researchers and scientists\" width=\"500\" height=\"281\" src=\"https:\/\/www.youtube.com\/embed\/KPP21L34TRs?feature=oembed\" frameborder=\"0\" allow=\"accelerometer; autoplay; clipboard-write; encrypted-media; gyroscope; picture-in-picture; web-share\" referrerpolicy=\"strict-origin-when-cross-origin\" allowfullscreen><\/iframe>\n<\/div><\/figure>\n\n\n\n<p class=\"is-style-text-subtitle is-style-text-subtitle--1\"><strong>Uni\u00e3o Europeia lan\u00e7a pacote de 500 milh\u00f5es para atrair cientistas<\/strong><\/p>\n\n\n\n<p>A Uni\u00e3o Europeia apresenta um pacote de 500 milh\u00f5es de euros para refor\u00e7ar a investiga\u00e7\u00e3o e ci\u00eancia. A UE est\u00e1 a entrar numa nova era em que a ci\u00eancia, a investiga\u00e7\u00e3o e a inova\u00e7\u00e3o ocupam o lugar central no futuro da Europa. Um futuro em que a tecnologia serve a humanidade e a liberdade alimenta o progresso. Com uma riqueza de oportunidades de financiamento est\u00e1veis e previs\u00edveis e instala\u00e7\u00f5es de ponta, a UE permite que os investigadores trabalhem em projetos onde podem realmente fazer a diferen\u00e7a.<\/p>\n\n\n\n<p>Quer seja um jovem estudante a sonhar com um futuro na ci\u00eancia, um investigador \u00e0 procura de oportunidades ou simplesmente um apaixonado pela inova\u00e7\u00e3o europeia, a nossa mensagem \u00e9 clara: Escolha a Ci\u00eancia, Escolha a Europa.<\/p>\n<\/div>\n\n\n\n<div class=\"wp-block-column is-layout-flow wp-block-column-is-layout-flow\">\n<figure class=\"wp-block-embed is-type-video is-provider-youtube wp-block-embed-youtube wp-embed-aspect-16-9 wp-has-aspect-ratio\"><div class=\"wp-block-embed__wrapper\">\n<iframe loading=\"lazy\" title=\"Active citizenship in the EU: Combating disinformation and encouraging involvement\" width=\"500\" height=\"281\" src=\"https:\/\/www.youtube.com\/embed\/a0FfLZ3CBAw?feature=oembed\" frameborder=\"0\" allow=\"accelerometer; autoplay; clipboard-write; encrypted-media; gyroscope; picture-in-picture; web-share\" referrerpolicy=\"strict-origin-when-cross-origin\" allowfullscreen><\/iframe>\n<\/div><\/figure>\n\n\n\n<p class=\"is-style-text-subtitle is-style-text-subtitle--2\"><strong>Cidadania ativa na UE: Combater a desinforma\u00e7\u00e3o e incentivar a participa\u00e7\u00e3o<\/strong><\/p>\n\n\n\n<p>Descubra como a Uni\u00e3o Europeia est\u00e1 a combater a desconfian\u00e7a, a desinforma\u00e7\u00e3o e a polariza\u00e7\u00e3o pol\u00edtica para promover uma cultura democr\u00e1tica din\u00e2mica. Atrav\u00e9s de iniciativas e investiga\u00e7\u00e3o pioneiras, a UE pretende refor\u00e7ar o envolvimento e a participa\u00e7\u00e3o dos cidad\u00e3os na constru\u00e7\u00e3o do futuro da Europa. Este v\u00eddeo destaca o empenhamento da UE no desenvolvimento de ferramentas de participa\u00e7\u00e3o digital, no apoio \u00e0 participa\u00e7\u00e3o dos jovens na pol\u00edtica e no combate \u00e0 desinforma\u00e7\u00e3o.<\/p>\n\n\n\n<p>Conhe\u00e7a os projetos financiados pela UE que est\u00e3o a capacitar os cidad\u00e3os para diferenciar entre factos e fic\u00e7\u00e3o, garantindo a integridade das democracias em todo o continente.<\/p>\n<\/div>\n<\/div>\n\n\n\n<div class=\"wp-block-columns is-layout-flex wp-container-core-columns-is-layout-28f84493 wp-block-columns-is-layout-flex\">\n<div class=\"wp-block-column is-layout-flow wp-block-column-is-layout-flow\">\n<figure class=\"wp-block-embed is-type-video is-provider-youtube wp-block-embed-youtube wp-embed-aspect-16-9 wp-has-aspect-ratio\"><div class=\"wp-block-embed__wrapper\">\n<iframe loading=\"lazy\" title=\"WPC2024 - Lucia Russo - Session12: Innovative Leaders: Transforming Business with GenAI\" width=\"500\" height=\"281\" src=\"https:\/\/www.youtube.com\/embed\/K0xGMyf7QXc?feature=oembed\" frameborder=\"0\" allow=\"accelerometer; autoplay; clipboard-write; encrypted-media; gyroscope; picture-in-picture; web-share\" referrerpolicy=\"strict-origin-when-cross-origin\" allowfullscreen><\/iframe>\n<\/div><\/figure>\n\n\n\n<p class=\"is-style-text-subtitle is-style-text-subtitle--3\"><strong><strong>WPC2024 &#8211; Lucia Russo &#8211; L\u00edderes inovadores: Transformando os neg\u00f3cios com a GenAI<\/strong><\/strong><\/p>\n\n\n\n<p>Lucia Russo, Artificial Intelligence Policy Analyst at the OECD<\/p>\n<\/div>\n\n\n\n<div class=\"wp-block-column is-layout-flow wp-block-column-is-layout-flow\">\n<figure class=\"wp-block-embed is-type-video is-provider-youtube wp-block-embed-youtube wp-embed-aspect-16-9 wp-has-aspect-ratio\"><div class=\"wp-block-embed__wrapper\">\n<iframe loading=\"lazy\" title=\"European Commission webinar: Booked for life in a digital world\" width=\"500\" height=\"281\" src=\"https:\/\/www.youtube.com\/embed\/dnF9J1iO7a4?feature=oembed\" frameborder=\"0\" allow=\"accelerometer; autoplay; clipboard-write; encrypted-media; gyroscope; picture-in-picture; web-share\" referrerpolicy=\"strict-origin-when-cross-origin\" allowfullscreen><\/iframe>\n<\/div><\/figure>\n\n\n\n<p class=\"is-style-text-subtitle is-style-text-subtitle--4\"><strong>Webinar da Comiss\u00e3o Europeia: Reservado para a vida num mundo digital<\/strong><\/p>\n\n\n\n<p>Neste webinar, ir\u00e3o explorar ferramentas pr\u00e1ticas, atividades criativas e ideias inspiradoras para fomentar o gosto pela leitura e pela escrita ao longo da vida &#8211; convidando os alunos a reservar um lugar numa viagem de compreens\u00e3o e contributo para as nossas narrativas globais partilhadas.<\/p>\n<\/div>\n<\/div>\n\n\n\n<div class=\"wp-block-columns is-layout-flex wp-container-core-columns-is-layout-28f84493 wp-block-columns-is-layout-flex\">\n<div class=\"wp-block-column is-layout-flow wp-block-column-is-layout-flow\">\n<figure class=\"wp-block-embed is-type-video is-provider-youtube wp-block-embed-youtube wp-embed-aspect-16-9 wp-has-aspect-ratio\"><div class=\"wp-block-embed__wrapper\">\n<iframe loading=\"lazy\" title=\"Digital Skills Talks 11th episode &quot;From policy to practice: AI literacy and the future workforce&quot;\" width=\"500\" height=\"281\" src=\"https:\/\/www.youtube.com\/embed\/3ZKTJVobAIA?feature=oembed\" frameborder=\"0\" allow=\"accelerometer; autoplay; clipboard-write; encrypted-media; gyroscope; picture-in-picture; web-share\" referrerpolicy=\"strict-origin-when-cross-origin\" allowfullscreen><\/iframe>\n<\/div><\/figure>\n\n\n\n<p class=\"is-style-text-subtitle is-style-text-subtitle--5\"><strong><strong>11\u00ba epis\u00f3dio do Digital Skills Talks &#8220;Da pol\u00edtica \u00e0 pr\u00e1tica: alfabetiza\u00e7\u00e3o em IA e a for\u00e7a de trabalho do futuro&#8221;<\/strong><\/strong><\/p>\n\n\n\n<p>A Plataforma de Compet\u00eancias e Empregos Digitais apresenta as Conversas sobre Compet\u00eancias Digitais, uma s\u00e9rie de eventos online que abordam t\u00f3picos-chave no mundo digital. As Conversas sobre Compet\u00eancias Digitais oferecem a oportunidade de aprender com especialistas em compet\u00eancias digitais e conectar-se com a Comunidade de Compet\u00eancias e Empregos Digitais.<\/p>\n\n\n\n<p>Em 3 de abril de 2025, o 11\u00ba epis\u00f3dio das Conversas sobre Compet\u00eancias Digitais &#8220;Da pol\u00edtica \u00e0 pr\u00e1tica: a literacia em IA e a for\u00e7a de trabalho do futuro&#8221; ser\u00e1 dedicado \u00e0 Intelig\u00eancia Artificial, com a participa\u00e7\u00e3o de Giulia Carsaniga, Respons\u00e1vel Pol\u00edtica, Gabinete de IA da UE, CNECT A4, Comiss\u00e3o Europeia, e Konstantinos Pouliakas, Especialista em Compet\u00eancias e Trabalho, Cedefop.<\/p>\n\n\n\n<p>O epis\u00f3dio abordou a Intelig\u00eancia Artificial e o seu crescente impacto na for\u00e7a de trabalho, bem como a import\u00e2ncia da literacia em IA para os mercados de trabalho do futuro. Descubra como a Comiss\u00e3o Europeia promove uma IA fi\u00e1vel e as suas implica\u00e7\u00f5es para os empregos e as compet\u00eancias. Os especialistas partilharam os seus conhecimentos do inqu\u00e9rito do CEDEFOP sobre o impacto da IA \u200b\u200bno mercado de trabalho e a import\u00e2ncia da requalifica\u00e7\u00e3o profissional, da requalifica\u00e7\u00e3o e da forma\u00e7\u00e3o profissional, especialmente no contexto da Lei da IA.<\/p>\n<\/div>\n\n\n\n<div class=\"wp-block-column is-layout-flow wp-block-column-is-layout-flow\"><\/div>\n<\/div>\n","protected":false},"excerpt":{"rendered":"<p>O separador Multim\u00e9dia da Rede INA Alumni oferece um espa\u00e7o sonoro e visualmente apelativo, onde os conte\u00fados audiovisuais ganham vida e complementam a experi\u00eancia de aprendizagem, partilha e de inspira\u00e7\u00e3o desta Rede. Aqui, pode encontrar v\u00eddeos, podcasts, entrevistas e coberturas de eventos que refletem a diversidade de experi\u00eancias e percursos dos membros da Rede. Estes [&hellip;]<\/p>\n","protected":false},"author":70,"featured_media":0,"parent":0,"menu_order":0,"comment_status":"closed","ping_status":"closed","template":"page-normal","meta":{"_acf_changed":false,"footnotes":""},"class_list":["post-124","page","type-page","status-publish","hentry"],"acf":[],"_links":{"self":[{"href":"https:\/\/www.ina.pt\/alumni\/wp-json\/wp\/v2\/pages\/124","targetHints":{"allow":["GET"]}}],"collection":[{"href":"https:\/\/www.ina.pt\/alumni\/wp-json\/wp\/v2\/pages"}],"about":[{"href":"https:\/\/www.ina.pt\/alumni\/wp-json\/wp\/v2\/types\/page"}],"author":[{"embeddable":true,"href":"https:\/\/www.ina.pt\/alumni\/wp-json\/wp\/v2\/users\/70"}],"replies":[{"embeddable":true,"href":"https:\/\/www.ina.pt\/alumni\/wp-json\/wp\/v2\/comments?post=124"}],"version-history":[{"count":10,"href":"https:\/\/www.ina.pt\/alumni\/wp-json\/wp\/v2\/pages\/124\/revisions"}],"predecessor-version":[{"id":389,"href":"https:\/\/www.ina.pt\/alumni\/wp-json\/wp\/v2\/pages\/124\/revisions\/389"}],"wp:attachment":[{"href":"https:\/\/www.ina.pt\/alumni\/wp-json\/wp\/v2\/media?parent=124"}],"curies":[{"name":"wp","href":"https:\/\/api.w.org\/{rel}","templated":true}]}}