{"id":38,"date":"2025-05-22T09:32:23","date_gmt":"2025-05-22T09:32:23","guid":{"rendered":"https:\/\/www.ina.pt\/alumni\/?page_id=38"},"modified":"2026-03-04T16:22:24","modified_gmt":"2026-03-04T16:22:24","slug":"mentoria","status":"publish","type":"page","link":"https:\/\/www.ina.pt\/alumni\/mentoria\/","title":{"rendered":"Mentoria"},"content":{"rendered":"\n<div class=\"wp-block-columns is-layout-flex wp-container-core-columns-is-layout-28f84493 wp-block-columns-is-layout-flex\">\n<div class=\"wp-block-column is-layout-flow wp-block-column-is-layout-flow\">\n<div class=\"wp-block-columns is-layout-flex wp-container-core-columns-is-layout-28f84493 wp-block-columns-is-layout-flex\">\n<div class=\"wp-block-column is-layout-flow wp-block-column-is-layout-flow\">\n<div class=\"wp-block-group is-vertical is-layout-flex wp-container-core-group-is-layout-fe9cc265 wp-block-group-is-layout-flex\">\n<figure class=\"wp-block-image size-full is-resized\"><img loading=\"lazy\" decoding=\"async\" width=\"600\" height=\"485\" src=\"https:\/\/www.ina.pt\/alumni\/wp-content\/uploads\/sites\/2\/2025\/05\/EPSA-logo.png\" alt=\"\" class=\"wp-image-33\" style=\"width:100px;height:auto\" srcset=\"https:\/\/www.ina.pt\/alumni\/wp-content\/uploads\/sites\/2\/2025\/05\/EPSA-logo.png 600w, https:\/\/www.ina.pt\/alumni\/wp-content\/uploads\/sites\/2\/2025\/05\/EPSA-logo-300x243.png 300w\" sizes=\"auto, (max-width: 600px) 100vw, 600px\" \/><\/figure>\n\n\n\n<p class=\"has-medium-font-size\">Certificado de Boas Pr\u00e1ticas pelo European Public Sector Award 2023-24 (EPSA) na categoria \u201cProjeto Inovador\u201d.<\/p>\n<\/div>\n<\/div>\n\n\n\n<div class=\"wp-block-column is-layout-flow wp-block-column-is-layout-flow\">\n<div class=\"wp-block-group is-vertical is-layout-flex wp-container-core-group-is-layout-fe9cc265 wp-block-group-is-layout-flex\">\n<figure class=\"wp-block-image size-full is-resized\"><img loading=\"lazy\" decoding=\"async\" width=\"576\" height=\"220\" src=\"https:\/\/www.ina.pt\/alumni\/wp-content\/uploads\/sites\/2\/2025\/05\/Mentoria-AP.jpg\" alt=\"\" class=\"wp-image-32\" style=\"width:195px;height:auto\" srcset=\"https:\/\/www.ina.pt\/alumni\/wp-content\/uploads\/sites\/2\/2025\/05\/Mentoria-AP.jpg 576w, https:\/\/www.ina.pt\/alumni\/wp-content\/uploads\/sites\/2\/2025\/05\/Mentoria-AP-300x115.jpg 300w\" sizes=\"auto, (max-width: 576px) 100vw, 576px\" \/><\/figure>\n\n\n\n<p class=\"has-medium-font-size\">Programa de Mentoria para a Inova\u00e7\u00e3o e Lideran\u00e7a (PMIL)<\/p>\n<\/div>\n<\/div>\n<\/div>\n<\/div>\n\n\n\n<div class=\"wp-block-column is-layout-flow wp-block-column-is-layout-flow\"><\/div>\n<\/div>\n\n\n\n<div style=\"height:45px\" aria-hidden=\"true\" class=\"wp-block-spacer\"><\/div>\n\n\n\n<div class=\"wp-block-group is-vertical is-layout-flex wp-container-core-group-is-layout-fe9cc265 wp-block-group-is-layout-flex\">\n<p class=\"is-style-text-subtitle is-style-text-subtitle--1\" style=\"font-style:normal;font-weight:600\">Se ainda n\u00e3o conhece o programa, inspire-se.<\/p>\n\n\n\n<p class=\"is-style-text-subtitle is-style-text-subtitle--2\" style=\"font-style:normal;font-weight:600\">O &nbsp;futuro da Administra\u00e7\u00e3o P\u00fablica constr\u00f3i-se em rede.<\/p>\n<\/div>\n\n\n\n<div class=\"wp-block-columns is-layout-flex wp-container-core-columns-is-layout-28f84493 wp-block-columns-is-layout-flex\">\n<div class=\"wp-block-column is-layout-flow wp-block-column-is-layout-flow\" style=\"flex-basis:100%\">\n<p>Se integra projetos de <strong>inova\u00e7\u00e3o<\/strong> ou enfrenta desafios que necessitam de aperfei\u00e7oar compet\u00eancias de <strong>lideran\u00e7a<\/strong>, <strong>o PMIL pode ser o impulso de que necessita<\/strong>. Atrav\u00e9s da rela\u00e7\u00e3o de mentoria que cruza experi\u00eancias e percursos distintos, este programa apoia o desenvolvimento de compet\u00eancias de <strong>lideran\u00e7a transformadora<\/strong> e <strong>inova\u00e7\u00e3o com impacto<\/strong>.<\/p>\n\n\n\n<p>Bem-vindo\/a ao espa\u00e7o dedicado ao <strong>PMIL \u2013 Programa de Mentoria para a Inova\u00e7\u00e3o e Lideran\u00e7a<\/strong>, uma iniciativa do INA que aposta no talento, na colabora\u00e7\u00e3o e no crescimento dos profissionais da Administra\u00e7\u00e3o P\u00fablica.<\/p>\n\n\n\n<div style=\"height:20px\" aria-hidden=\"true\" class=\"wp-block-spacer\"><\/div>\n\n\n\n<p class=\"is-style-text-subtitle is-style-text-subtitle--3\" style=\"font-style:normal;font-weight:600\">Quer aprofundar o que o PMIL pode fazer por si?<\/p>\n\n\n\n<p>Explore todos os detalhes do programa <a href=\"https:\/\/www.ina.pt\/conhecimento-inovacao\/iniciativas-de-inovacao\/mentoria-ap\/\" target=\"_blank\" rel=\"noreferrer noopener\">Mentoria AP<\/a> ou contacte-nos atrav\u00e9s do e-mail <a href=\"mailto:mentoria@ina.pt\">mentoria@ina.pt<\/a><\/p>\n\n\n\n<p><strong>Aqui encontrar\u00e1:<\/strong><\/p>\n\n\n\n<ul class=\"wp-block-list\">\n<li>Testemunhos inspiradores de quem j\u00e1 participou<\/li>\n\n\n\n<li>Recursos \u00fateis e boas pr\u00e1ticas partilhadas<\/li>\n\n\n\n<li>Oportunidades de networking e de aprendizagem cont\u00ednua<\/li>\n<\/ul>\n<\/div>\n<\/div>\n\n\n\n<div class=\"wp-block-columns d-none is-layout-flex wp-container-core-columns-is-layout-28f84493 wp-block-columns-is-layout-flex\">\n<div class=\"wp-block-column is-layout-flow wp-block-column-is-layout-flow\">\n<p>Bem-vindo\/a ao espa\u00e7o dedicado ao <strong>PMIL \u2013 Programa de Mentoria para a Inova\u00e7\u00e3o e Lideran\u00e7a<\/strong>, uma iniciativa do INA que aposta no talento, na colabora\u00e7\u00e3o e no crescimento dos profissionais da Administra\u00e7\u00e3o P\u00fablica.<\/p>\n\n\n\n<p>Se integra projetos de <strong>inova\u00e7\u00e3o<\/strong> ou enfrenta desafios que necessitam de aperfei\u00e7oar compet\u00eancias de <strong>lideran\u00e7a<\/strong>, <strong>o PMIL pode ser o impulso de que necessita<\/strong>. Atrav\u00e9s da rela\u00e7\u00e3o de mentoria que cruza experi\u00eancias e percursos distintos, este programa apoia o desenvolvimento de compet\u00eancias de <strong>lideran\u00e7a transformadora<\/strong> e <strong>inova\u00e7\u00e3o com impacto<\/strong>.<\/p>\n<\/div>\n\n\n\n<div class=\"wp-block-column is-layout-flow wp-block-column-is-layout-flow\">\n<p><strong>Quer aprofundar o que o PMIL pode fazer por si?<\/strong><\/p>\n\n\n\n<p>Explore todos os detalhes do programa <a href=\"https:\/\/www.ina.pt\/conhecimento-inovacao\/iniciativas-de-inovacao\/mentoria-ap\/\" target=\"_blank\" rel=\"noreferrer noopener\">Mentoria AP<\/a> ou contacte-nos atrav\u00e9s do e-mail <a href=\"mailto:mentoria@ina.pt\">mentoria@ina.pt<\/a><\/p>\n\n\n\n<p><strong>Aqui encontrar\u00e1:<\/strong><\/p>\n\n\n\n<ul class=\"wp-block-list\">\n<li>Testemunhos inspiradores de quem j\u00e1 participou<\/li>\n\n\n\n<li>Recursos \u00fateis e boas pr\u00e1ticas partilhadas<\/li>\n\n\n\n<li>Oportunidades de networking e de aprendizagem cont\u00ednua<\/li>\n<\/ul>\n<\/div>\n<\/div>\n\n\n\n<div style=\"height:var(--wp--preset--spacing--70)\" aria-hidden=\"true\" class=\"wp-block-spacer\"><\/div>\n\n\n\n<h2 class=\"wp-block-heading\"><strong>TESTEMUNHOS<\/strong><\/h2>\n\n\n\n<div style=\"height:var(--wp--preset--spacing--30)\" aria-hidden=\"true\" class=\"wp-block-spacer\"><\/div>\n\n\n\n<div class=\"wp-block-columns is-layout-flex wp-container-core-columns-is-layout-28f84493 wp-block-columns-is-layout-flex\">\n<div class=\"wp-block-column is-layout-flow wp-block-column-is-layout-flow\">\n<figure class=\"wp-block-embed is-type-video is-provider-youtube wp-block-embed-youtube wp-embed-aspect-16-9 wp-has-aspect-ratio\"><div class=\"wp-block-embed__wrapper\">\n<iframe loading=\"lazy\" title=\"Testemunhos - Programa de Mentoria para a Inova\u00e7\u00e3o e Lideran\u00e7a\" width=\"500\" height=\"281\" src=\"https:\/\/www.youtube.com\/embed\/fmZaUYzSEBo?list=PLlXjlzdi61JhzR2gyyLDdpUQft5xHlVHe\" frameborder=\"0\" allow=\"accelerometer; autoplay; clipboard-write; encrypted-media; gyroscope; picture-in-picture; web-share\" referrerpolicy=\"strict-origin-when-cross-origin\" allowfullscreen><\/iframe>\n<\/div><\/figure>\n\n\n\n<p>Testemunhos &#8211; Programa de Mentoria para a Inova\u00e7\u00e3o e Lideran\u00e7a<\/p>\n<\/div>\n\n\n\n<div class=\"wp-block-column is-layout-flow wp-block-column-is-layout-flow\">\n<figure class=\"wp-block-embed is-type-video is-provider-youtube wp-block-embed-youtube wp-embed-aspect-16-9 wp-has-aspect-ratio\"><div class=\"wp-block-embed__wrapper\">\n<iframe loading=\"lazy\" title=\"Kickoff da 6.\u00aa Edi\u00e7\u00e3o do PMIL\" width=\"500\" height=\"281\" src=\"https:\/\/www.youtube.com\/embed\/_aApUTbA6Po?feature=oembed\" frameborder=\"0\" allow=\"accelerometer; autoplay; clipboard-write; encrypted-media; gyroscope; picture-in-picture; web-share\" referrerpolicy=\"strict-origin-when-cross-origin\" allowfullscreen><\/iframe>\n<\/div><\/figure>\n\n\n\n<p>Kickoff da 6.\u00aa Edi\u00e7\u00e3o do PMIL<\/p>\n<\/div>\n<\/div>\n\n\n\n<div style=\"height:var(--wp--preset--spacing--30)\" aria-hidden=\"true\" class=\"wp-block-spacer\"><\/div>\n\n\n\n<div class=\"wp-block-columns is-layout-flex wp-container-core-columns-is-layout-28f84493 wp-block-columns-is-layout-flex\">\n<div class=\"wp-block-column is-layout-flow wp-block-column-is-layout-flow\">\n<figure class=\"wp-block-embed is-type-video is-provider-youtube wp-block-embed-youtube wp-embed-aspect-16-9 wp-has-aspect-ratio\"><div class=\"wp-block-embed__wrapper\">\n<iframe loading=\"lazy\" title=\"Confer\u00eancia: Mentoria para os Desafios da Inova\u00e7\u00e3o e da Lideran\u00e7a\" width=\"500\" height=\"281\" src=\"https:\/\/www.youtube.com\/embed\/_yS7f7vSQzc?feature=oembed\" frameborder=\"0\" allow=\"accelerometer; autoplay; clipboard-write; encrypted-media; gyroscope; picture-in-picture; web-share\" referrerpolicy=\"strict-origin-when-cross-origin\" allowfullscreen><\/iframe>\n<\/div><\/figure>\n\n\n\n<p>Confer\u00eancia: Mentoria para os Desafios da Inova\u00e7\u00e3o e da Lideran\u00e7a<\/p>\n<\/div>\n\n\n\n<div class=\"wp-block-column is-layout-flow wp-block-column-is-layout-flow\">\n<figure class=\"wp-block-embed is-type-video is-provider-youtube wp-block-embed-youtube wp-embed-aspect-16-9 wp-has-aspect-ratio\"><div class=\"wp-block-embed__wrapper\">\n<iframe loading=\"lazy\" title=\"II Encontro do Programa de Mentoria para a Inova\u00e7\u00e3o e Lideran\u00e7a (PMIL)\" width=\"500\" height=\"281\" src=\"https:\/\/www.youtube.com\/embed\/s6hjqh--byo?start=82&#038;feature=oembed\" frameborder=\"0\" allow=\"accelerometer; autoplay; clipboard-write; encrypted-media; gyroscope; picture-in-picture; web-share\" referrerpolicy=\"strict-origin-when-cross-origin\" allowfullscreen><\/iframe>\n<\/div><\/figure>\n\n\n\n<p>II Encontro do Programa de Mentoria para a Inova\u00e7\u00e3o e Lideran\u00e7a (PMIL)<\/p>\n<\/div>\n<\/div>\n\n\n\n<div style=\"height:var(--wp--preset--spacing--70)\" aria-hidden=\"true\" class=\"wp-block-spacer\"><\/div>\n\n\n\n<h2 class=\"wp-block-heading\"><strong>RECURSOS PR\u00c1TICOS E FERRAMENTAS<\/strong><\/h2>\n\n\n\n<div style=\"height:var(--wp--preset--spacing--20)\" aria-hidden=\"true\" class=\"wp-block-spacer\"><\/div>\n\n\n\n<div class=\"wp-block-columns is-layout-flex wp-container-core-columns-is-layout-28f84493 wp-block-columns-is-layout-flex\">\n<div class=\"wp-block-column is-style-default is-layout-flow wp-container-core-column-is-layout-a77db08e wp-block-column-is-layout-flow\">\n<div class=\"wp-block-media-text is-stacked-on-mobile is-vertically-aligned-top has-border-color\" style=\"border-color:#dee2e6;border-width:1px;padding-top:0;padding-bottom:0;grid-template-columns:40% auto\"><figure class=\"wp-block-media-text__media\"><img loading=\"lazy\" decoding=\"async\" width=\"600\" height=\"865\" src=\"https:\/\/www.ina.pt\/alumni\/wp-content\/uploads\/sites\/2\/2025\/05\/capa-Cadernos_AP_2.jpg\" alt=\"\" class=\"wp-image-34 size-full\" srcset=\"https:\/\/www.ina.pt\/alumni\/wp-content\/uploads\/sites\/2\/2025\/05\/capa-Cadernos_AP_2.jpg 600w, https:\/\/www.ina.pt\/alumni\/wp-content\/uploads\/sites\/2\/2025\/05\/capa-Cadernos_AP_2-208x300.jpg 208w\" sizes=\"auto, (max-width: 600px) 100vw, 600px\" \/><\/figure><div class=\"wp-block-media-text__content\">\n<div style=\"height:15px\" aria-hidden=\"true\" class=\"wp-block-spacer\"><\/div>\n\n\n\n<p class=\"is-style-text-subtitle is-style-text-subtitle--4\"><strong>Mentoria para a Inova\u00e7\u00e3o e Lideran\u00e7a \u2013 Projetos e Reflex\u00f5es<\/strong><\/p>\n\n\n\n<p class=\"has-medium-font-size\">Re\u00fane aprendizagens e boas pr\u00e1ticas de edi\u00e7\u00f5es anteriores do PMIL, destacando metodologias, resultados e a estrutura do programa. \u00c9 essencial para compreender a estrutura e os objetivos do programa.<\/p>\n\n\n\n<div class=\"wp-block-buttons is-layout-flex wp-block-buttons-is-layout-flex\">\n<div class=\"wp-block-button\"><a class=\"wp-block-button__link wp-element-button\" href=\"https:\/\/www.ina.pt\/wp-content\/uploads\/2024\/11\/CADERNOS-AP-2_Vf.pdf\" target=\"_blank\" rel=\"noreferrer noopener\">Descarregar Caderno<\/a><\/div>\n<\/div>\n\n\n\n<div style=\"height:15px\" aria-hidden=\"true\" class=\"wp-block-spacer\"><\/div>\n<\/div><\/div>\n<\/div>\n\n\n\n<div class=\"wp-block-column is-layout-flow wp-block-column-is-layout-flow\"><\/div>\n<\/div>\n\n\n\n<div style=\"height:var(--wp--preset--spacing--50)\" aria-hidden=\"true\" class=\"wp-block-spacer\"><\/div>\n\n\n\n<h2 class=\"wp-block-heading\"><strong>SUGEST\u00d5ES DE LIVROS PMIL<\/strong><\/h2>\n\n\n\n<div style=\"height:var(--wp--preset--spacing--20)\" aria-hidden=\"true\" class=\"wp-block-spacer\"><\/div>\n\n\n\n<div class=\"wp-block-columns is-layout-flex wp-container-core-columns-is-layout-28f84493 wp-block-columns-is-layout-flex\">\n<div class=\"wp-block-column is-layout-flow wp-container-core-column-is-layout-8a368f38 wp-block-column-is-layout-flow\">\n<div class=\"wp-block-media-text is-stacked-on-mobile is-vertically-aligned-top has-border-color\" style=\"border-color:#dee2e6;border-width:1px;padding-top:0;padding-bottom:0;grid-template-columns:40% auto\"><figure class=\"wp-block-media-text__media\"><img loading=\"lazy\" decoding=\"async\" width=\"600\" height=\"865\" src=\"https:\/\/www.ina.pt\/alumni\/wp-content\/uploads\/sites\/2\/2025\/05\/Capa-Ferramentas-de-Mentoring.jpg\" alt=\"\" class=\"wp-image-36 size-full\" srcset=\"https:\/\/www.ina.pt\/alumni\/wp-content\/uploads\/sites\/2\/2025\/05\/Capa-Ferramentas-de-Mentoring.jpg 600w, https:\/\/www.ina.pt\/alumni\/wp-content\/uploads\/sites\/2\/2025\/05\/Capa-Ferramentas-de-Mentoring-208x300.jpg 208w\" sizes=\"auto, (max-width: 600px) 100vw, 600px\" \/><\/figure><div class=\"wp-block-media-text__content\">\n<div style=\"height:15px\" aria-hidden=\"true\" class=\"wp-block-spacer\"><\/div>\n\n\n\n<p class=\"is-style-text-subtitle is-style-text-subtitle--5\"><strong><strong>Ferramentas de Mentoring<\/strong><\/strong><\/p>\n\n\n\n<p class=\"has-medium-font-size\">O livro <em>Ferramentas de Mentoring<\/em> \u00e9 um guia pr\u00e1tico com ferramentas visuais e metodol\u00f3gicas para apoiar mentores na condu\u00e7\u00e3o de sess\u00f5es mais eficazes e estruturadas.<\/p>\n\n\n\n<div class=\"wp-block-buttons is-layout-flex wp-block-buttons-is-layout-flex\">\n<div class=\"wp-block-button\"><a class=\"wp-block-button__link wp-element-button\" href=\"https:\/\/biblioteca.ina.pt\/cgi-bin\/koha\/opac-detail.pl?biblionumber=55805\" target=\"_blank\" rel=\"noreferrer noopener\">Ver Livro<\/a><\/div>\n<\/div>\n\n\n\n<div style=\"height:15px\" aria-hidden=\"true\" class=\"wp-block-spacer\"><\/div>\n<\/div><\/div>\n<\/div>\n\n\n\n<div class=\"wp-block-column is-layout-flow wp-block-column-is-layout-flow\">\n<div class=\"wp-block-media-text is-stacked-on-mobile is-vertically-aligned-top has-border-color\" style=\"border-color:#dee2e6;border-width:1px;padding-top:0;padding-bottom:0;grid-template-columns:40% auto\"><figure class=\"wp-block-media-text__media\"><img loading=\"lazy\" decoding=\"async\" width=\"600\" height=\"841\" src=\"https:\/\/www.ina.pt\/alumni\/wp-content\/uploads\/sites\/2\/2025\/05\/opac-image.png\" alt=\"\" class=\"wp-image-391 size-full\" srcset=\"https:\/\/www.ina.pt\/alumni\/wp-content\/uploads\/sites\/2\/2025\/05\/opac-image.png 600w, https:\/\/www.ina.pt\/alumni\/wp-content\/uploads\/sites\/2\/2025\/05\/opac-image-214x300.png 214w\" sizes=\"auto, (max-width: 600px) 100vw, 600px\" \/><\/figure><div class=\"wp-block-media-text__content\">\n<div style=\"height:15px\" aria-hidden=\"true\" class=\"wp-block-spacer\"><\/div>\n\n\n\n<p class=\"is-style-text-subtitle is-style-text-subtitle--6\"><strong>Ferramentas de Coaching<\/strong><\/p>\n\n\n\n<p class=\"has-medium-font-size\">Este livro oferece 58 ferramentas de coaching de diferentes orienta\u00e7\u00f5es internacionais. Este livro inclui contributos de especialistas, defini\u00e7\u00f5es de coaching e indica associa\u00e7\u00f5es e organiza\u00e7\u00f5es de coaching globais.<\/p>\n\n\n\n<div class=\"wp-block-buttons is-layout-flex wp-block-buttons-is-layout-flex\">\n<div class=\"wp-block-button\"><a class=\"wp-block-button__link wp-element-button\" href=\"https:\/\/biblioteca.ina.pt\/cgi-bin\/koha\/opac-detail.pl?biblionumber=55919\" target=\"_blank\" rel=\"noreferrer noopener\">Ver Livro<\/a><\/div>\n<\/div>\n\n\n\n<div style=\"height:15px\" aria-hidden=\"true\" class=\"wp-block-spacer\"><\/div>\n<\/div><\/div>\n<\/div>\n<\/div>\n\n\n\n<div style=\"height:10px\" aria-hidden=\"true\" class=\"wp-block-spacer\"><\/div>\n\n\n\n<div class=\"wp-block-columns is-layout-flex wp-container-core-columns-is-layout-28f84493 wp-block-columns-is-layout-flex\">\n<div class=\"wp-block-column is-layout-flow wp-container-core-column-is-layout-8a368f38 wp-block-column-is-layout-flow\">\n<div class=\"wp-block-media-text is-stacked-on-mobile is-vertically-aligned-top has-border-color\" style=\"border-color:#dee2e6;border-width:1px;padding-top:0;padding-bottom:0;grid-template-columns:40% auto\"><figure class=\"wp-block-media-text__media\"><img loading=\"lazy\" decoding=\"async\" width=\"600\" height=\"865\" src=\"https:\/\/www.ina.pt\/alumni\/wp-content\/uploads\/sites\/2\/2025\/05\/Capa-Mentoria-e-Motivacao.jpg\" alt=\"\" class=\"wp-image-37 size-full\" srcset=\"https:\/\/www.ina.pt\/alumni\/wp-content\/uploads\/sites\/2\/2025\/05\/Capa-Mentoria-e-Motivacao.jpg 600w, https:\/\/www.ina.pt\/alumni\/wp-content\/uploads\/sites\/2\/2025\/05\/Capa-Mentoria-e-Motivacao-208x300.jpg 208w\" sizes=\"auto, (max-width: 600px) 100vw, 600px\" \/><\/figure><div class=\"wp-block-media-text__content\">\n<div style=\"height:15px\" aria-hidden=\"true\" class=\"wp-block-spacer\"><\/div>\n\n\n\n<p class=\"is-style-text-subtitle is-style-text-subtitle--7\"><strong><strong>Mentoria e Motiva\u00e7\u00e3o \/ Edite Oliveira<\/strong><\/strong><\/p>\n\n\n\n<p class=\"has-medium-font-size\">O livro explora a mentoria entre pares como uma ferramenta eficaz de crescimento e desenvolvimento pessoal. Esta abordagem permite criar la\u00e7os relacionais fortes entre mentor\/a e Mentorado\/a, funcionando como facilitadores em momentos de transi\u00e7\u00e3o e adapta\u00e7\u00e3o a novos contextos.<\/p>\n\n\n\n<div class=\"wp-block-buttons is-layout-flex wp-block-buttons-is-layout-flex\">\n<div class=\"wp-block-button\"><a class=\"wp-block-button__link wp-element-button\" href=\"https:\/\/biblioteca.ina.pt\/cgi-bin\/koha\/opac-detail.pl?biblionumber=55806\" target=\"_blank\" rel=\"noreferrer noopener\">Ver Livro<\/a><\/div>\n<\/div>\n\n\n\n<div style=\"height:15px\" aria-hidden=\"true\" class=\"wp-block-spacer\"><\/div>\n<\/div><\/div>\n<\/div>\n\n\n\n<div class=\"wp-block-column is-layout-flow wp-block-column-is-layout-flow\"><\/div>\n<\/div>\n","protected":false},"excerpt":{"rendered":"<p>Certificado de Boas Pr\u00e1ticas pelo European Public Sector Award 2023-24 (EPSA) na categoria \u201cProjeto Inovador\u201d. Programa de Mentoria para a Inova\u00e7\u00e3o e Lideran\u00e7a (PMIL) Se ainda n\u00e3o conhece o programa, inspire-se. O &nbsp;futuro da Administra\u00e7\u00e3o P\u00fablica constr\u00f3i-se em rede. Se integra projetos de inova\u00e7\u00e3o ou enfrenta desafios que necessitam de aperfei\u00e7oar compet\u00eancias de lideran\u00e7a, o [&hellip;]<\/p>\n","protected":false},"author":70,"featured_media":0,"parent":0,"menu_order":0,"comment_status":"closed","ping_status":"closed","template":"page-normal","meta":{"_acf_changed":false,"footnotes":""},"class_list":["post-38","page","type-page","status-publish","hentry"],"acf":[],"_links":{"self":[{"href":"https:\/\/www.ina.pt\/alumni\/wp-json\/wp\/v2\/pages\/38","targetHints":{"allow":["GET"]}}],"collection":[{"href":"https:\/\/www.ina.pt\/alumni\/wp-json\/wp\/v2\/pages"}],"about":[{"href":"https:\/\/www.ina.pt\/alumni\/wp-json\/wp\/v2\/types\/page"}],"author":[{"embeddable":true,"href":"https:\/\/www.ina.pt\/alumni\/wp-json\/wp\/v2\/users\/70"}],"replies":[{"embeddable":true,"href":"https:\/\/www.ina.pt\/alumni\/wp-json\/wp\/v2\/comments?post=38"}],"version-history":[{"count":9,"href":"https:\/\/www.ina.pt\/alumni\/wp-json\/wp\/v2\/pages\/38\/revisions"}],"predecessor-version":[{"id":393,"href":"https:\/\/www.ina.pt\/alumni\/wp-json\/wp\/v2\/pages\/38\/revisions\/393"}],"wp:attachment":[{"href":"https:\/\/www.ina.pt\/alumni\/wp-json\/wp\/v2\/media?parent=38"}],"curies":[{"name":"wp","href":"https:\/\/api.w.org\/{rel}","templated":true}]}}