{"id":40,"date":"2025-05-22T09:33:25","date_gmt":"2025-05-22T09:33:25","guid":{"rendered":"https:\/\/www.ina.pt\/alumni\/?page_id=40"},"modified":"2026-03-04T16:22:24","modified_gmt":"2026-03-04T16:22:24","slug":"recursos","status":"publish","type":"page","link":"https:\/\/www.ina.pt\/alumni\/recursos\/","title":{"rendered":"Recursos"},"content":{"rendered":"\n<p>Este \u00e9 um espa\u00e7o privilegiado de articula\u00e7\u00e3o entre profissionais da Administra\u00e7\u00e3o P\u00fablica, orientado para o interc\u00e2mbio de experi\u00eancias e a dinamiza\u00e7\u00e3o de sinergias para a constru\u00e7\u00e3o de um futuro colaborativo e sustent\u00e1vel ao promover ativamente a atualiza\u00e7\u00e3o de compet\u00eancias e a divulga\u00e7\u00e3o de boas pr\u00e1ticas na Administra\u00e7\u00e3o P\u00fablica. Aqui, o conhecimento circula e multiplica-se por uma Administra\u00e7\u00e3o P\u00fablica mais capacitada, inovadora e colaborativa, capaz de se adaptar \u00e0 evolu\u00e7\u00e3o das circunst\u00e2ncias e aos novos desafios.<\/p>\n\n\n\n<p>Explore, aprenda e contribua para uma comunidade que valoriza o saber ao longo da vida.<\/p>\n","protected":false},"excerpt":{"rendered":"<p>Este \u00e9 um espa\u00e7o privilegiado de articula\u00e7\u00e3o entre profissionais da Administra\u00e7\u00e3o P\u00fablica, orientado para o interc\u00e2mbio de experi\u00eancias e a dinamiza\u00e7\u00e3o de sinergias para a constru\u00e7\u00e3o de um futuro colaborativo e sustent\u00e1vel ao promover ativamente a atualiza\u00e7\u00e3o de compet\u00eancias e a divulga\u00e7\u00e3o de boas pr\u00e1ticas na Administra\u00e7\u00e3o P\u00fablica. Aqui, o conhecimento circula e multiplica-se por [&hellip;]<\/p>\n","protected":false},"author":70,"featured_media":0,"parent":0,"menu_order":0,"comment_status":"closed","ping_status":"closed","template":"page-recursos","meta":{"_acf_changed":false,"footnotes":""},"class_list":["post-40","page","type-page","status-publish","hentry"],"acf":[],"_links":{"self":[{"href":"https:\/\/www.ina.pt\/alumni\/wp-json\/wp\/v2\/pages\/40","targetHints":{"allow":["GET"]}}],"collection":[{"href":"https:\/\/www.ina.pt\/alumni\/wp-json\/wp\/v2\/pages"}],"about":[{"href":"https:\/\/www.ina.pt\/alumni\/wp-json\/wp\/v2\/types\/page"}],"author":[{"embeddable":true,"href":"https:\/\/www.ina.pt\/alumni\/wp-json\/wp\/v2\/users\/70"}],"replies":[{"embeddable":true,"href":"https:\/\/www.ina.pt\/alumni\/wp-json\/wp\/v2\/comments?post=40"}],"version-history":[{"count":5,"href":"https:\/\/www.ina.pt\/alumni\/wp-json\/wp\/v2\/pages\/40\/revisions"}],"predecessor-version":[{"id":284,"href":"https:\/\/www.ina.pt\/alumni\/wp-json\/wp\/v2\/pages\/40\/revisions\/284"}],"wp:attachment":[{"href":"https:\/\/www.ina.pt\/alumni\/wp-json\/wp\/v2\/media?parent=40"}],"curies":[{"name":"wp","href":"https:\/\/api.w.org\/{rel}","templated":true}]}}