{"id":42,"date":"2025-05-22T09:33:54","date_gmt":"2025-05-22T09:33:54","guid":{"rendered":"https:\/\/www.ina.pt\/alumni\/?page_id=42"},"modified":"2026-03-04T16:22:24","modified_gmt":"2026-03-04T16:22:24","slug":"roteiro-e-guias","status":"publish","type":"page","link":"https:\/\/www.ina.pt\/alumni\/roteiro-e-guias\/","title":{"rendered":"Roteiro e Guias"},"content":{"rendered":"\n<p>Na Rede INA Alumni, acreditamos que o conhecimento \u00e9 um caminho cont\u00ednuo, comprometido com a promo\u00e7\u00e3o de uma cultura de coopera\u00e7\u00e3o, aprendizagem ao longo da vida e valoriza\u00e7\u00e3o humana da Administra\u00e7\u00e3o P\u00fablica.<\/p>\n\n\n\n<p>Esta \u00e1rea \u00e9 um ponto de acesso privilegiado a conte\u00fados formativos e recursos de desenvolvimento profissional cont\u00ednuo, que visam contribuir para o fortalecimento da Administra\u00e7\u00e3o P\u00fablica.<\/p>\n\n\n\n<p>Neste espa\u00e7o, poder\u00e1 encontrar kits de ferramentas que representam oportunidades para aprofundar conhecimentos e estimular reflex\u00f5es, promovendo o envolvimento ativo entre profissionais comprometidos com a excel\u00eancia na Administra\u00e7\u00e3o P\u00fablica.<\/p>\n\n\n\n<div style=\"height:75px\" aria-hidden=\"true\" class=\"wp-block-spacer\"><\/div>\n\n\n\n<div class=\"wp-block-columns is-layout-flex wp-container-core-columns-is-layout-28f84493 wp-block-columns-is-layout-flex\">\n<div class=\"wp-block-column is-style-default is-layout-flow wp-container-core-column-is-layout-a77db08e wp-block-column-is-layout-flow\">\n<div class=\"wp-block-media-text is-stacked-on-mobile is-vertically-aligned-top has-border-color\" style=\"border-color:#dee2e6;border-width:1px;padding-top:0;padding-bottom:0;grid-template-columns:40% auto\"><figure class=\"wp-block-media-text__media\"><img loading=\"lazy\" decoding=\"async\" width=\"550\" height=\"778\" src=\"https:\/\/www.ina.pt\/alumni\/wp-content\/uploads\/sites\/2\/2025\/05\/kit_pe_ods_v0123112023.jpg\" alt=\"\" class=\"wp-image-251 size-full\" srcset=\"https:\/\/www.ina.pt\/alumni\/wp-content\/uploads\/sites\/2\/2025\/05\/kit_pe_ods_v0123112023.jpg 550w, https:\/\/www.ina.pt\/alumni\/wp-content\/uploads\/sites\/2\/2025\/05\/kit_pe_ods_v0123112023-212x300.jpg 212w\" sizes=\"auto, (max-width: 550px) 100vw, 550px\" \/><\/figure><div class=\"wp-block-media-text__content\">\n<div style=\"height:15px\" aria-hidden=\"true\" class=\"wp-block-spacer\"><\/div>\n\n\n\n<p class=\"is-style-text-subtitle is-style-text-subtitle--1\"><strong>Kit para o desenvolvimento de uma Pol\u00edtica de Sustentabilidade alinhada com a Agenda 2030 e os Objetivos de Desenvolvimento Sustent\u00e1vel<\/strong><\/p>\n\n\n\n<p class=\"has-medium-font-size\">Autor: <mark style=\"background-color:rgba(0, 0, 0, 0)\" class=\"has-inline-color has-accent-5-color\">Instituto Nacional de Administra\u00e7\u00e3o, I.P. (INA).<\/mark><\/p>\n\n\n\n<p class=\"has-medium-font-size\">Guia pr\u00e1tico para profissionais da Administra\u00e7\u00e3o P\u00fablica integrarem os ODS nas pol\u00edticas e pr\u00e1ticas institucionais, com ferramentas, etapas e exemplos \u00fateis para promover a sustentabilidade.<\/p>\n\n\n\n<div class=\"wp-block-buttons is-layout-flex wp-block-buttons-is-layout-flex\">\n<div class=\"wp-block-button\"><a class=\"wp-block-button__link wp-element-button\" href=\"https:\/\/www.ina.pt\/wp-content\/uploads\/2024\/09\/kit_pe_ods_v0123112023-1.pdf\" target=\"_blank\" rel=\"noreferrer noopener\">Descarregar<\/a><\/div>\n<\/div>\n\n\n\n<div style=\"height:15px\" aria-hidden=\"true\" class=\"wp-block-spacer\"><\/div>\n<\/div><\/div>\n<\/div>\n\n\n\n<div class=\"wp-block-column is-layout-flow wp-block-column-is-layout-flow\">\n<div class=\"wp-block-media-text is-stacked-on-mobile is-vertically-aligned-top has-border-color\" style=\"border-color:#dee2e6;border-width:1px;padding-top:0;padding-bottom:0;grid-template-columns:40% auto\"><figure class=\"wp-block-media-text__media\"><img loading=\"lazy\" decoding=\"async\" width=\"550\" height=\"777\" src=\"https:\/\/www.ina.pt\/alumni\/wp-content\/uploads\/sites\/2\/2025\/05\/ebook_saude.jpg\" alt=\"\" class=\"wp-image-253 size-full\" srcset=\"https:\/\/www.ina.pt\/alumni\/wp-content\/uploads\/sites\/2\/2025\/05\/ebook_saude.jpg 550w, https:\/\/www.ina.pt\/alumni\/wp-content\/uploads\/sites\/2\/2025\/05\/ebook_saude-212x300.jpg 212w\" sizes=\"auto, (max-width: 550px) 100vw, 550px\" \/><\/figure><div class=\"wp-block-media-text__content\">\n<div style=\"height:15px\" aria-hidden=\"true\" class=\"wp-block-spacer\"><\/div>\n\n\n\n<p class=\"is-style-text-subtitle is-style-text-subtitle--2\"><strong>COCRIA\u00c7\u00c3O na Preven\u00e7\u00e3o da Viol\u00eancia no Setor da Sa\u00fade<\/strong><\/p>\n\n\n\n<p class=\"has-medium-font-size\">Autor: <mark style=\"background-color:rgba(0, 0, 0, 0)\" class=\"has-inline-color has-accent-5-color\">Instituto Nacional de Administra\u00e7\u00e3o, I.P. (INA), em colabora\u00e7\u00e3o com a Dire\u00e7\u00e3o-Geral da Sa\u00fade (DGS), o Minist\u00e9rio da Sa\u00fade e as Administra\u00e7\u00f5es Regionais de Sa\u00fade.<\/mark><\/p>\n\n\n\n<p class=\"has-medium-font-size\">E-book com projetos cocriados para prevenir a viol\u00eancia no setor da sa\u00fade, promovendo ambientes de trabalho mais seguros atrav\u00e9s de metodologias participativas e inova\u00e7\u00e3o nas Administra\u00e7\u00f5es Regionais de Sa\u00fade.<\/p>\n\n\n\n<div class=\"wp-block-buttons is-layout-flex wp-block-buttons-is-layout-flex\">\n<div class=\"wp-block-button\"><a class=\"wp-block-button__link wp-element-button\" href=\"https:\/\/www.ina.pt\/wp-content\/uploads\/2024\/09\/ebook_saude_final_20231127_final_compressed_3.pdf\" target=\"_blank\" rel=\"noreferrer noopener\">Descarregar<\/a><\/div>\n<\/div>\n\n\n\n<div style=\"height:15px\" aria-hidden=\"true\" class=\"wp-block-spacer\"><\/div>\n<\/div><\/div>\n<\/div>\n<\/div>\n\n\n\n<div class=\"wp-block-columns is-layout-flex wp-container-core-columns-is-layout-28f84493 wp-block-columns-is-layout-flex\">\n<div class=\"wp-block-column is-style-default is-layout-flow wp-container-core-column-is-layout-a77db08e wp-block-column-is-layout-flow\">\n<div class=\"wp-block-media-text is-stacked-on-mobile is-vertically-aligned-top has-border-color\" style=\"border-color:#dee2e6;border-width:1px;padding-top:0;padding-bottom:0;grid-template-columns:40% auto\"><figure class=\"wp-block-media-text__media\"><img loading=\"lazy\" decoding=\"async\" width=\"550\" height=\"778\" src=\"https:\/\/www.ina.pt\/alumni\/wp-content\/uploads\/sites\/2\/2025\/05\/Ebook_PORISL_EEAGRANTS_20250225.jpg\" alt=\"\" class=\"wp-image-265 size-full\" srcset=\"https:\/\/www.ina.pt\/alumni\/wp-content\/uploads\/sites\/2\/2025\/05\/Ebook_PORISL_EEAGRANTS_20250225.jpg 550w, https:\/\/www.ina.pt\/alumni\/wp-content\/uploads\/sites\/2\/2025\/05\/Ebook_PORISL_EEAGRANTS_20250225-212x300.jpg 212w\" sizes=\"auto, (max-width: 550px) 100vw, 550px\" \/><\/figure><div class=\"wp-block-media-text__content\">\n<div style=\"height:15px\" aria-hidden=\"true\" class=\"wp-block-spacer\"><\/div>\n\n\n\n<p class=\"is-style-text-subtitle is-style-text-subtitle--3\"><strong>Capacita\u00e7\u00e3o da Administra\u00e7\u00e3o P\u00fablica atrav\u00e9s do conhecimento e Inova\u00e7\u00e3o<\/strong><\/p>\n\n\n\n<p class=\"has-medium-font-size\">Autor: <mark style=\"background-color:rgba(0, 0, 0, 0)\" class=\"has-inline-color has-accent-5-color\">Instituto Nacional de Administra\u00e7\u00e3o, I.P. (INA), em parceria com o Instituto de Administra\u00e7\u00e3o P\u00fablica e Pol\u00edtica (IPAP) da Universidade da Isl\u00e2ndia, no \u00e2mbito do programa EEA Grants.<\/mark><\/p>\n\n\n\n<p class=\"has-medium-font-size\">E-book com aprendizagens da coopera\u00e7\u00e3o Portugal-Isl\u00e2ndia, destacando boas pr\u00e1ticas em sustentabilidade, digitaliza\u00e7\u00e3o, lideran\u00e7a e participa\u00e7\u00e3o, para uma Administra\u00e7\u00e3o P\u00fablica mais inovadora e centrada nas pessoas.<\/p>\n\n\n\n<div class=\"wp-block-buttons is-layout-flex wp-block-buttons-is-layout-flex\">\n<div class=\"wp-block-button\"><a class=\"wp-block-button__link wp-element-button\" href=\"https:\/\/www.ina.pt\/wp-content\/uploads\/2025\/02\/Ebook_PORISL_EEAGRANTS_20250225.pdf\" target=\"_blank\" rel=\"noreferrer noopener\">Descarregar<\/a><\/div>\n<\/div>\n\n\n\n<div style=\"height:15px\" aria-hidden=\"true\" class=\"wp-block-spacer\"><\/div>\n<\/div><\/div>\n<\/div>\n\n\n\n<div class=\"wp-block-column is-layout-flow wp-block-column-is-layout-flow\">\n<div class=\"wp-block-media-text is-stacked-on-mobile is-vertically-aligned-top has-border-color\" style=\"border-color:#dee2e6;border-width:1px;padding-top:0;padding-bottom:0;grid-template-columns:40% auto\"><figure class=\"wp-block-media-text__media\"><img loading=\"lazy\" decoding=\"async\" width=\"550\" height=\"619\" src=\"https:\/\/www.ina.pt\/alumni\/wp-content\/uploads\/sites\/2\/2025\/05\/ReCAP_Brochura_setembro2024.jpg\" alt=\"\" class=\"wp-image-267 size-full\" srcset=\"https:\/\/www.ina.pt\/alumni\/wp-content\/uploads\/sites\/2\/2025\/05\/ReCAP_Brochura_setembro2024.jpg 550w, https:\/\/www.ina.pt\/alumni\/wp-content\/uploads\/sites\/2\/2025\/05\/ReCAP_Brochura_setembro2024-267x300.jpg 267w\" sizes=\"auto, (max-width: 550px) 100vw, 550px\" \/><\/figure><div class=\"wp-block-media-text__content\">\n<div style=\"height:15px\" aria-hidden=\"true\" class=\"wp-block-spacer\"><\/div>\n\n\n\n<p class=\"is-style-text-subtitle is-style-text-subtitle--4\"><strong>Referencial de Compet\u00eancias para a Administra\u00e7\u00e3o P\u00fablica Portuguesa (ReCAP)<\/strong><\/p>\n\n\n\n<p class=\"has-medium-font-size\">Autor: <mark style=\"background-color:rgba(0, 0, 0, 0)\" class=\"has-inline-color has-accent-5-color\">Instituto Nacional de Administra\u00e7\u00e3o, I.P. (INA) e Dire\u00e7\u00e3o-Geral da Administra\u00e7\u00e3o e do Emprego P\u00fablico (DGAEP)<\/mark><\/p>\n\n\n\n<p class=\"has-medium-font-size\">O ReCAP define compet\u00eancias comportamentais para a Administra\u00e7\u00e3o P\u00fablica, apoiando o recrutamento, a forma\u00e7\u00e3o e a gest\u00e3o de pessoas, com base em boas pr\u00e1ticas e participa\u00e7\u00e3o dos trabalhadores.<\/p>\n\n\n\n<div class=\"wp-block-buttons is-layout-flex wp-block-buttons-is-layout-flex\">\n<div class=\"wp-block-button\"><a class=\"wp-block-button__link wp-element-button\" href=\"https:\/\/www.ina.pt\/wp-content\/uploads\/2024\/10\/ReCAP_Brochura_setembro2024.pdf\" target=\"_blank\" rel=\"noreferrer noopener\">Descarregar<\/a><\/div>\n<\/div>\n\n\n\n<div style=\"height:15px\" aria-hidden=\"true\" class=\"wp-block-spacer\"><\/div>\n<\/div><\/div>\n<\/div>\n<\/div>\n\n\n\n<div class=\"wp-block-columns is-layout-flex wp-container-core-columns-is-layout-28f84493 wp-block-columns-is-layout-flex\">\n<div class=\"wp-block-column is-style-default is-layout-flow wp-container-core-column-is-layout-a77db08e wp-block-column-is-layout-flow\">\n<div class=\"wp-block-media-text is-stacked-on-mobile is-vertically-aligned-top has-border-color\" style=\"border-color:#dee2e6;border-width:1px;padding-top:0;padding-bottom:0;grid-template-columns:40% auto\"><figure class=\"wp-block-media-text__media\"><img loading=\"lazy\" decoding=\"async\" width=\"550\" height=\"309\" src=\"https:\/\/www.ina.pt\/alumni\/wp-content\/uploads\/sites\/2\/2025\/05\/Guia_Metodologico_CompetenciasTecnicas_2025.jpg\" alt=\"\" class=\"wp-image-269 size-full\" srcset=\"https:\/\/www.ina.pt\/alumni\/wp-content\/uploads\/sites\/2\/2025\/05\/Guia_Metodologico_CompetenciasTecnicas_2025.jpg 550w, https:\/\/www.ina.pt\/alumni\/wp-content\/uploads\/sites\/2\/2025\/05\/Guia_Metodologico_CompetenciasTecnicas_2025-300x169.jpg 300w\" sizes=\"auto, (max-width: 550px) 100vw, 550px\" \/><\/figure><div class=\"wp-block-media-text__content\">\n<div style=\"height:15px\" aria-hidden=\"true\" class=\"wp-block-spacer\"><\/div>\n\n\n\n<p class=\"is-style-text-subtitle is-style-text-subtitle--5\"><strong>Guia Metodol\u00f3gico para a Constru\u00e7\u00e3o de Referenciais de Compet\u00eancias T\u00e9cnicas da Administra\u00e7\u00e3o P\u00fablica<\/strong><\/p>\n\n\n\n<p class=\"has-medium-font-size\">Autor: <mark style=\"background-color:rgba(0, 0, 0, 0)\" class=\"has-inline-color has-accent-5-color\">Instituto Nacional de Administra\u00e7\u00e3o, I.P. (INA), em parceria com a Dire\u00e7\u00e3o-Geral da Administra\u00e7\u00e3o e do Emprego P\u00fablico (DGAEP)<\/mark><\/p>\n\n\n\n<p class=\"has-medium-font-size\">Guia que apoia a constru\u00e7\u00e3o de referenciais de compet\u00eancias t\u00e9cnicas na Administra\u00e7\u00e3o P\u00fablica, com etapas, ferramentas e modelos para refor\u00e7ar a gest\u00e3o estrat\u00e9gica de pessoas.<\/p>\n\n\n\n<div class=\"wp-block-buttons is-layout-flex wp-block-buttons-is-layout-flex\">\n<div class=\"wp-block-button\"><a class=\"wp-block-button__link wp-element-button\" href=\"https:\/\/www.ina.pt\/wp-content\/uploads\/2025\/02\/Ebook_PORISL_EEAGRANTS_20250225.pdf\" target=\"_blank\" rel=\"noreferrer noopener\">Descarregar<\/a><\/div>\n<\/div>\n\n\n\n<div style=\"height:15px\" aria-hidden=\"true\" class=\"wp-block-spacer\"><\/div>\n<\/div><\/div>\n<\/div>\n\n\n\n<div class=\"wp-block-column is-layout-flow wp-block-column-is-layout-flow\"><\/div>\n<\/div>\n","protected":false},"excerpt":{"rendered":"<p>Na Rede INA Alumni, acreditamos que o conhecimento \u00e9 um caminho cont\u00ednuo, comprometido com a promo\u00e7\u00e3o de uma cultura de coopera\u00e7\u00e3o, aprendizagem ao longo da vida e valoriza\u00e7\u00e3o humana da Administra\u00e7\u00e3o P\u00fablica. Esta \u00e1rea \u00e9 um ponto de acesso privilegiado a conte\u00fados formativos e recursos de desenvolvimento profissional cont\u00ednuo, que visam contribuir para o fortalecimento [&hellip;]<\/p>\n","protected":false},"author":70,"featured_media":0,"parent":0,"menu_order":0,"comment_status":"closed","ping_status":"closed","template":"page-normal","meta":{"_acf_changed":false,"footnotes":""},"class_list":["post-42","page","type-page","status-publish","hentry"],"acf":[],"_links":{"self":[{"href":"https:\/\/www.ina.pt\/alumni\/wp-json\/wp\/v2\/pages\/42","targetHints":{"allow":["GET"]}}],"collection":[{"href":"https:\/\/www.ina.pt\/alumni\/wp-json\/wp\/v2\/pages"}],"about":[{"href":"https:\/\/www.ina.pt\/alumni\/wp-json\/wp\/v2\/types\/page"}],"author":[{"embeddable":true,"href":"https:\/\/www.ina.pt\/alumni\/wp-json\/wp\/v2\/users\/70"}],"replies":[{"embeddable":true,"href":"https:\/\/www.ina.pt\/alumni\/wp-json\/wp\/v2\/comments?post=42"}],"version-history":[{"count":8,"href":"https:\/\/www.ina.pt\/alumni\/wp-json\/wp\/v2\/pages\/42\/revisions"}],"predecessor-version":[{"id":270,"href":"https:\/\/www.ina.pt\/alumni\/wp-json\/wp\/v2\/pages\/42\/revisions\/270"}],"wp:attachment":[{"href":"https:\/\/www.ina.pt\/alumni\/wp-json\/wp\/v2\/media?parent=42"}],"curies":[{"name":"wp","href":"https:\/\/api.w.org\/{rel}","templated":true}]}}